{"id":724,"date":"2024-06-24T17:20:04","date_gmt":"2024-06-24T15:20:04","guid":{"rendered":"https:\/\/escueladeteitau.com\/iniciu\/"},"modified":"2024-07-03T10:24:49","modified_gmt":"2024-07-03T08:24:49","slug":"iniciu","status":"publish","type":"page","link":"https:\/\/escueladeteitau.com\/ast\/","title":{"rendered":"Iniciu"},"content":{"rendered":"\t\t<div data-elementor-type=\"wp-page\" data-elementor-id=\"724\" class=\"elementor elementor-724 elementor-21\">\n\t\t\t\t<div class=\"elementor-element elementor-element-32f6701 e-con-full elementor-hidden-tablet elementor-hidden-mobile e-flex e-con e-parent\" data-id=\"32f6701\" data-element_type=\"container\" data-settings=\"{&quot;background_background&quot;:&quot;classic&quot;}\">\n\t\t\t\t<div class=\"elementor-element elementor-element-8be72ad elementor-widget elementor-widget-slider_revolution\" data-id=\"8be72ad\" data-element_type=\"widget\" data-widget_type=\"slider_revolution.default\">\n\t\t\t\t<div class=\"elementor-widget-container\">\n\t\t\t\n\t\t<div class=\"wp-block-themepunch-revslider\">\n\t\t\t\t<p class=\"rs-p-wp-fix\"><\/p>\n\t\t\t\t<sr7-module data-alias=\"slider-2\" data-id=\"2\" id=\"SR7_2_1\" class=\"rs-ov-hidden\" data-version=\"6.7.13\">\n\t\t\t\t\t<sr7-adjuster><\/sr7-adjuster>\n\t\t\t\t\t<sr7-content>\n\t\t\t\t\t\t<sr7-slide id=\"SR7_2_1-3\" data-key=\"3\">\n\t\t\t\t\t\t\t<sr7-bg id=\"SR7_2_1-3-6\" class=\"sr7-layer\"><noscript><img decoding=\"async\" src=\"http:\/\/escueladeteitau.com\/wp-content\/uploads\/2024\/06\/Home-Comparativa-1.jpg\" alt=\"\" title=\"Home-Comparativa-1\"><\/noscript><\/sr7-bg>\n\t\t\t\t\t\t\t<sr7-txt id=\"SR7_2_1-3-1\" class=\"sr7-layer\">1982<\/sr7-txt>\n\t\t\t\t\t\t\t<sr7-txt id=\"SR7_2_1-3-2\" class=\"sr7-layer\">2024<\/sr7-txt>\n\t\t\t\t\t\t\t<sr7-txt id=\"SR7_2_1-3-3\" class=\"sr7-layer\">Bra\u00f1a La Pornacal<br\/>19 teitos<br\/>@\u00c1stur Paredes<\/sr7-txt>\n\t\t\t\t\t\t\t<sr7-txt id=\"SR7_2_1-3-4\" class=\"sr7-layer\">Bra\u00f1a La Pornacal<br\/>8 teitos<br\/>@Escuela de Teit\u00e1u<\/sr7-txt>\n\t\t\t\t\t\t<\/sr7-slide>\n\t\t\t\t\t\t<sr7-slide id=\"SR7_2_1-4\" data-key=\"4\">\n\t\t\t\t\t\t\t<sr7-txt id=\"SR7_2_1-4-6\" class=\"sr7-layer\"><span><\/span><span><\/span><span><\/span><\/sr7-txt>\n\t\t\t\t\t\t<\/sr7-slide>\n\t\t\t\t\t<\/sr7-content>\n\t\t\t\t\t<image_lists style=\"display:none\">\n\t\t\t\t\t\t<img data-src=\"\/\/escueladeteitau.com\/wp-content\/uploads\/2024\/06\/Home-Comparativa-3.jpg\" data-libid=\"250\" title=\"Home-Comparativa-3\" width=\"0\" height=\"0\" data-dbsrc=\"Ly9lc2N1ZWxhZGV0ZWl0YXUuY29tL3dwLWNvbnRlbnQvdXBsb2Fkcy8yMDI0LzA2L0hvbWUtQ29tcGFyYXRpdmEtMy5qcGc=\"\/>\n\t\t\t\t\t\t<img data-src=\"\/\/escueladeteitau.com\/wp-content\/uploads\/2024\/06\/Home-Comparativa-1.jpg\" data-libid=\"248\" data-lib=\"medialibrary\" title=\"Home-Comparativa-1\" width=\"0\" height=\"0\" data-dbsrc=\"Ly9lc2N1ZWxhZGV0ZWl0YXUuY29tL3dwLWNvbnRlbnQvdXBsb2Fkcy8yMDI0LzA2L0hvbWUtQ29tcGFyYXRpdmEtMS5qcGc=\"\/>\n\t\t\t\t\t<\/image_lists>\n\t\t\t\t<\/sr7-module>\n\t\t\t\t<script>\n\t\t\t\t\tSR7.PMH ??={}; SR7.PMH[\"SR7_2_1\"] = {cn:0,state:false,fn: function() { if (_tpt!==undefined && _tpt.prepareModuleHeight !== undefined) {  _tpt.prepareModuleHeight({id:\"SR7_2_1\",el:[900,900,743,743,743],type:'standard',shdw:'0',gh:[900,900,768,768,768],gw:[1240,1240,1024,1024,1024],vpt:['100px&#039;,&#039;100px&#039;,&#039;100px&#039;,&#039;100px&#039;,&#039;100px'],size:{fullWidth:true, fullHeight:true},fho:',',mh:'0',onh:0,onw:0,bg:{color:'{\"orig\":\"transparent\",\"type\":\"solid\",\"string\":\"transparent\"}'}});   SR7.PMH[\"SR7_2_1\"].state=true;} else if((SR7.PMH[\"SR7_2_1\"].cn++)<100)\tsetTimeout( SR7.PMH[\"SR7_2_1\"].fn,19);}};SR7.PMH[\"SR7_2_1\" ].fn();\n\t\t\t\t<\/script>\n<\/div>\n\n\t\t\t\t<\/div>\n\t\t\t\t<\/div>\n\t\t\t\t<\/div>\n\t\t<div class=\"elementor-element elementor-element-53303d6 e-con-full elementor-hidden-desktop elementor-hidden-tablet e-flex e-con e-parent\" data-id=\"53303d6\" data-element_type=\"container\" data-settings=\"{&quot;background_background&quot;:&quot;classic&quot;}\">\n\t\t\t\t<div class=\"elementor-element elementor-element-8895e87 elementor-widget elementor-widget-slider_revolution\" data-id=\"8895e87\" data-element_type=\"widget\" data-widget_type=\"slider_revolution.default\">\n\t\t\t\t<div class=\"elementor-widget-container\">\n\t\t\t\n\t\t<div class=\"wp-block-themepunch-revslider\">\n\t\t\t\t<p class=\"rs-p-wp-fix\"><\/p>\n\t\t\t\t<sr7-module data-alias=\"home-mobile-1\" data-id=\"4\" id=\"SR7_4_2\" class=\"rs-ov-hidden\" data-version=\"6.7.13\">\n\t\t\t\t\t<sr7-adjuster><\/sr7-adjuster>\n\t\t\t\t\t<sr7-content>\n\t\t\t\t\t\t<sr7-slide id=\"SR7_4_2-7\" data-key=\"7\">\n\t\t\t\t\t\t\t<sr7-bg id=\"SR7_4_2-7-6\" class=\"sr7-layer\"><noscript><img decoding=\"async\" src=\"http:\/\/escueladeteitau.com\/wp-content\/uploads\/2024\/06\/1982-MB-1.jpg\" alt=\"\" title=\"1982-MB-1\"><\/noscript><\/sr7-bg>\n\t\t\t\t\t\t\t<sr7-txt id=\"SR7_4_2-7-1\" class=\"sr7-layer\">1982<\/sr7-txt>\n\t\t\t\t\t\t\t<sr7-txt id=\"SR7_4_2-7-2\" class=\"sr7-layer\">2024<\/sr7-txt>\n\t\t\t\t\t\t\t<sr7-txt id=\"SR7_4_2-7-3\" class=\"sr7-layer\">Bra\u00f1a<br\/>La Pornacal<br\/>@\u00c1stur Paredes<\/sr7-txt>\n\t\t\t\t\t\t\t<sr7-txt id=\"SR7_4_2-7-4\" class=\"sr7-layer\">Bra\u00f1a de La Pornacal<br\/>8 teitos<br\/>@Escuela de Teit\u00e1u<\/sr7-txt>\n\t\t\t\t\t\t<\/sr7-slide>\n\t\t\t\t\t\t<sr7-slide id=\"SR7_4_2-8\" data-key=\"8\">\n\t\t\t\t\t\t<\/sr7-slide>\n\t\t\t\t\t<\/sr7-content>\n\t\t\t\t\t<image_lists style=\"display:none\">\n\t\t\t\t\t\t<img data-src=\"\/\/escueladeteitau.com\/wp-content\/uploads\/2024\/06\/2024-MB-1.jpg\" data-libid=\"525\" title=\"2024-MB-1\" width=\"0\" height=\"0\" data-dbsrc=\"Ly9lc2N1ZWxhZGV0ZWl0YXUuY29tL3dwLWNvbnRlbnQvdXBsb2Fkcy8yMDI0LzA2LzIwMjQtTUItMS5qcGc=\"\/>\n\t\t\t\t\t\t<img loading=\"lazy\" data-src=\"\/\/escueladeteitau.com\/wp-content\/uploads\/2024\/06\/1982-MB-1.jpg\" data-libid=\"524\" data-lib=\"medialibrary\" title=\"1982-MB-1\" width=\"0\" height=\"0\" data-dbsrc=\"Ly9lc2N1ZWxhZGV0ZWl0YXUuY29tL3dwLWNvbnRlbnQvdXBsb2Fkcy8yMDI0LzA2LzE5ODItTUItMS5qcGc=\"\/>\n\t\t\t\t\t<\/image_lists>\n\t\t\t\t<\/sr7-module>\n\t\t\t\t<script>\n\t\t\t\t\tSR7.PMH ??={}; SR7.PMH[\"SR7_4_2\"] = {cn:0,state:false,fn: function() { if (_tpt!==undefined && _tpt.prepareModuleHeight !== undefined) {  _tpt.prepareModuleHeight({id:\"SR7_4_2\",el:[900,900,900,900,720],type:'standard',shdw:'0',gh:[900,900,900,900,720],gw:[1240,1240,1240,1240,480],vpt:['100px&#039;,&#039;100px&#039;,&#039;100px&#039;,&#039;100px&#039;,&#039;100px'],size:{fullWidth:true, fullHeight:true},fho:',',mh:'0',onh:0,onw:0,bg:{color:'{\"orig\":\"transparent\",\"type\":\"solid\",\"string\":\"transparent\"}'}});   SR7.PMH[\"SR7_4_2\"].state=true;} else if((SR7.PMH[\"SR7_4_2\"].cn++)<100)\tsetTimeout( SR7.PMH[\"SR7_4_2\"].fn,19);}};SR7.PMH[\"SR7_4_2\" ].fn();\n\t\t\t\t<\/script>\n<\/div>\n\n\t\t\t\t<\/div>\n\t\t\t\t<\/div>\n\t\t\t\t<\/div>\n\t\t\t\t<\/div>\n\t\t","protected":false},"excerpt":{"rendered":"","protected":false},"author":1,"featured_media":0,"parent":0,"menu_order":0,"comment_status":"closed","ping_status":"closed","template":"","meta":{"footnotes":""},"class_list":["post-724","page","type-page","status-publish","hentry"],"yoast_head":"<!-- This site is optimized with the Yoast SEO plugin v23.0 - https:\/\/yoast.com\/wordpress\/plugins\/seo\/ -->\n<title>Iniciu | Escuela de Teit\u00e1u<\/title>\n<meta name=\"robots\" content=\"index, follow, max-snippet:-1, max-image-preview:large, max-video-preview:-1\" \/>\n<link rel=\"canonical\" href=\"https:\/\/escueladeteitau.com\/ast\/\" \/>\n<meta property=\"og:locale\" content=\"en_US\" \/>\n<meta property=\"og:type\" content=\"article\" \/>\n<meta property=\"og:title\" content=\"Iniciu | Escuela de Teit\u00e1u\" \/>\n<meta property=\"og:url\" content=\"https:\/\/escueladeteitau.com\/ast\/\" \/>\n<meta property=\"og:site_name\" content=\"Escuela de Teit\u00e1u\" \/>\n<meta property=\"article:publisher\" content=\"https:\/\/www.instagram.com\/escuela.de.teitau\/\" \/>\n<meta property=\"article:modified_time\" content=\"2024-07-03T08:24:49+00:00\" \/>\n<meta property=\"og:image\" content=\"https:\/\/escueladeteitau.com\/wp-content\/uploads\/2024\/06\/Home-Comparativa-3.jpg\" \/>\n\t<meta property=\"og:image:width\" content=\"1920\" \/>\n\t<meta property=\"og:image:height\" content=\"1080\" \/>\n\t<meta property=\"og:image:type\" content=\"image\/jpeg\" \/>\n<meta name=\"twitter:card\" content=\"summary_large_image\" \/>\n<meta name=\"twitter:label1\" content=\"Est. reading time\" \/>\n\t<meta name=\"twitter:data1\" content=\"1 minute\" \/>\n<script type=\"application\/ld+json\" class=\"yoast-schema-graph\">{\"@context\":\"https:\/\/schema.org\",\"@graph\":[{\"@type\":\"WebPage\",\"@id\":\"https:\/\/escueladeteitau.com\/ast\/\",\"url\":\"https:\/\/escueladeteitau.com\/ast\/\",\"name\":\"Iniciu | Escuela de Teit\u00e1u\",\"isPartOf\":{\"@id\":\"https:\/\/escueladeteitau.com\/ast\/#website\"},\"datePublished\":\"2024-06-24T15:20:04+00:00\",\"dateModified\":\"2024-07-03T08:24:49+00:00\",\"breadcrumb\":{\"@id\":\"https:\/\/escueladeteitau.com\/ast\/#breadcrumb\"},\"inLanguage\":\"ast-AS\",\"potentialAction\":[{\"@type\":\"ReadAction\",\"target\":[\"https:\/\/escueladeteitau.com\/ast\/\"]}]},{\"@type\":\"BreadcrumbList\",\"@id\":\"https:\/\/escueladeteitau.com\/ast\/#breadcrumb\",\"itemListElement\":[{\"@type\":\"ListItem\",\"position\":1,\"name\":\"Home\",\"item\":\"https:\/\/escueladeteitau.com\/ast\/\"},{\"@type\":\"ListItem\",\"position\":2,\"name\":\"Iniciu\"}]},{\"@type\":\"WebSite\",\"@id\":\"https:\/\/escueladeteitau.com\/ast\/#website\",\"url\":\"https:\/\/escueladeteitau.com\/ast\/\",\"name\":\"Escuela de Teit\u00e1u\",\"description\":\"Un proyecto para la recuperaci\u00f3n de las caba\u00f1as de teito\",\"publisher\":{\"@id\":\"https:\/\/escueladeteitau.com\/ast\/#organization\"},\"alternateName\":\"Un proyecto para la recuperaci\u00f3n de las caba\u00f1as de teito\",\"potentialAction\":[{\"@type\":\"SearchAction\",\"target\":{\"@type\":\"EntryPoint\",\"urlTemplate\":\"https:\/\/escueladeteitau.com\/ast\/?s={search_term_string}\"},\"query-input\":\"required name=search_term_string\"}],\"inLanguage\":\"ast-AS\"},{\"@type\":\"Organization\",\"@id\":\"https:\/\/escueladeteitau.com\/ast\/#organization\",\"name\":\"Escuela de Teit\u00e1u\",\"url\":\"https:\/\/escueladeteitau.com\/ast\/\",\"logo\":{\"@type\":\"ImageObject\",\"inLanguage\":\"ast-AS\",\"@id\":\"https:\/\/escueladeteitau.com\/ast\/#\/schema\/logo\/image\/\",\"url\":\"https:\/\/escueladeteitau.com\/wp-content\/uploads\/2024\/06\/Logo-Negro.png\",\"contentUrl\":\"https:\/\/escueladeteitau.com\/wp-content\/uploads\/2024\/06\/Logo-Negro.png\",\"width\":825,\"height\":671,\"caption\":\"Escuela de Teit\u00e1u\"},\"image\":{\"@id\":\"https:\/\/escueladeteitau.com\/ast\/#\/schema\/logo\/image\/\"},\"sameAs\":[\"https:\/\/www.instagram.com\/escuela.de.teitau\/\"]}]}<\/script>\n<!-- \/ Yoast SEO plugin. -->","yoast_head_json":{"title":"Iniciu | Escuela de Teit\u00e1u","robots":{"index":"index","follow":"follow","max-snippet":"max-snippet:-1","max-image-preview":"max-image-preview:large","max-video-preview":"max-video-preview:-1"},"canonical":"https:\/\/escueladeteitau.com\/ast\/","og_locale":"en_US","og_type":"article","og_title":"Iniciu | Escuela de Teit\u00e1u","og_url":"https:\/\/escueladeteitau.com\/ast\/","og_site_name":"Escuela de Teit\u00e1u","article_publisher":"https:\/\/www.instagram.com\/escuela.de.teitau\/","article_modified_time":"2024-07-03T08:24:49+00:00","og_image":[{"width":1920,"height":1080,"url":"https:\/\/escueladeteitau.com\/wp-content\/uploads\/2024\/06\/Home-Comparativa-3.jpg","type":"image\/jpeg"}],"twitter_card":"summary_large_image","twitter_misc":{"Est. reading time":"1 minute"},"schema":{"@context":"https:\/\/schema.org","@graph":[{"@type":"WebPage","@id":"https:\/\/escueladeteitau.com\/ast\/","url":"https:\/\/escueladeteitau.com\/ast\/","name":"Iniciu | Escuela de Teit\u00e1u","isPartOf":{"@id":"https:\/\/escueladeteitau.com\/ast\/#website"},"datePublished":"2024-06-24T15:20:04+00:00","dateModified":"2024-07-03T08:24:49+00:00","breadcrumb":{"@id":"https:\/\/escueladeteitau.com\/ast\/#breadcrumb"},"inLanguage":"ast-AS","potentialAction":[{"@type":"ReadAction","target":["https:\/\/escueladeteitau.com\/ast\/"]}]},{"@type":"BreadcrumbList","@id":"https:\/\/escueladeteitau.com\/ast\/#breadcrumb","itemListElement":[{"@type":"ListItem","position":1,"name":"Home","item":"https:\/\/escueladeteitau.com\/ast\/"},{"@type":"ListItem","position":2,"name":"Iniciu"}]},{"@type":"WebSite","@id":"https:\/\/escueladeteitau.com\/ast\/#website","url":"https:\/\/escueladeteitau.com\/ast\/","name":"Escuela de Teit\u00e1u","description":"Un proyecto para la recuperaci\u00f3n de las caba\u00f1as de teito","publisher":{"@id":"https:\/\/escueladeteitau.com\/ast\/#organization"},"alternateName":"Un proyecto para la recuperaci\u00f3n de las caba\u00f1as de teito","potentialAction":[{"@type":"SearchAction","target":{"@type":"EntryPoint","urlTemplate":"https:\/\/escueladeteitau.com\/ast\/?s={search_term_string}"},"query-input":"required name=search_term_string"}],"inLanguage":"ast-AS"},{"@type":"Organization","@id":"https:\/\/escueladeteitau.com\/ast\/#organization","name":"Escuela de Teit\u00e1u","url":"https:\/\/escueladeteitau.com\/ast\/","logo":{"@type":"ImageObject","inLanguage":"ast-AS","@id":"https:\/\/escueladeteitau.com\/ast\/#\/schema\/logo\/image\/","url":"https:\/\/escueladeteitau.com\/wp-content\/uploads\/2024\/06\/Logo-Negro.png","contentUrl":"https:\/\/escueladeteitau.com\/wp-content\/uploads\/2024\/06\/Logo-Negro.png","width":825,"height":671,"caption":"Escuela de Teit\u00e1u"},"image":{"@id":"https:\/\/escueladeteitau.com\/ast\/#\/schema\/logo\/image\/"},"sameAs":["https:\/\/www.instagram.com\/escuela.de.teitau\/"]}]}},"_links":{"self":[{"href":"https:\/\/escueladeteitau.com\/ast\/wp-json\/wp\/v2\/pages\/724","targetHints":{"allow":["GET"]}}],"collection":[{"href":"https:\/\/escueladeteitau.com\/ast\/wp-json\/wp\/v2\/pages"}],"about":[{"href":"https:\/\/escueladeteitau.com\/ast\/wp-json\/wp\/v2\/types\/page"}],"author":[{"embeddable":true,"href":"https:\/\/escueladeteitau.com\/ast\/wp-json\/wp\/v2\/users\/1"}],"replies":[{"embeddable":true,"href":"https:\/\/escueladeteitau.com\/ast\/wp-json\/wp\/v2\/comments?post=724"}],"version-history":[{"count":10,"href":"https:\/\/escueladeteitau.com\/ast\/wp-json\/wp\/v2\/pages\/724\/revisions"}],"predecessor-version":[{"id":751,"href":"https:\/\/escueladeteitau.com\/ast\/wp-json\/wp\/v2\/pages\/724\/revisions\/751"}],"wp:attachment":[{"href":"https:\/\/escueladeteitau.com\/ast\/wp-json\/wp\/v2\/media?parent=724"}],"curies":[{"name":"wp","href":"https:\/\/api.w.org\/{rel}","templated":true}]}}